{"id":1942,"date":"2022-02-08T19:32:56","date_gmt":"2022-02-08T17:32:56","guid":{"rendered":"https:\/\/gerasimos-apartments-marathias.com\/de\/accommodation\/"},"modified":"2022-02-09T15:40:03","modified_gmt":"2022-02-09T13:40:03","slug":"accommodation","status":"publish","type":"page","link":"https:\/\/gerasimos-apartments-marathias.com\/de\/accommodation\/","title":{"rendered":"UNTERKUNFT"},"content":{"rendered":"<p>[vc_row full_width=&#8221;stretch_row&#8221; bg_type=&#8221;image&#8221; parallax_style=&#8221;vcpb-vz-jquery&#8221; bg_image_new=&#8221;id^1836|url^https:\/\/gerasimos-apartments-marathias.com\/wp-content\/uploads\/2017\/02\/slide_1-1.jpg|caption^null|alt^null|title^slide_1-1|description^null&#8221; enable_overlay=&#8221;enable_overlay_value&#8221; overlay_color=&#8221;#b2b2b2&#8243; overlay_pattern=&#8221;01.png&#8221; css=&#8221;.vc_custom_1644394482709{margin-bottom: 0px !important;padding-top: 50px !important;padding-bottom: 40px !important;}&#8221;][vc_column][vc_column_text]<\/p>\n<h1 class=\"page-title b-none\" style=\"text-align: center; color: white; margin-bottom: 4PX;\"><strong>UNTERKUNFT<\/strong><\/h1>\n<p class=\"page-sub-title\" style=\"text-align: center; color: white; font-size: 1.25em;\">WERFEN SIE EINEN BLICK IN UNSERE ZIMMER<\/p>\n<p>[\/vc_column_text][\/vc_column][\/vc_row][vc_row css=&#8221;.vc_custom_1486911302199{margin-top: 50px !important;margin-right: 40px !important;margin-bottom: 50px !important;margin-left: 40px !important;padding-top: 0px !important;}&#8221;][vc_column width=&#8221;1\/2&#8243;][vc_gallery interval=&#8221;3&#8243; images=&#8221;1844,1846,1845&#8243; img_size=&#8221;full&#8221;][\/vc_column][vc_column width=&#8221;1\/2&#8243;][vc_column_text css=&#8221;.vc_custom_1644404944893{padding-right: 40px !important;padding-left: 40px !important;}&#8221;]<\/p>\n<h3 style=\"margin-bottom: 0px; line-height: 25px;\">ZIMMER<\/h3>\n<div class=\"porto-separator \">\n<div class=\"divider divider-small align_left solid \">\n<hr style=\"background-color: #82a62b; height: 3px; width: 50px; margin: -6px 22px 0 0;\" \/>\n<\/div>\n<\/div>\n<p style=\"font-size: 21px; font-weight: 300; margin-bottom: 30px; line-height: 30px;\">Genie\u00dfen Sie Ihren Aufenthalt in unserer Pension in einem unserer 5 komfortablen, funktional eingerichteten Zimmer mit allem, was Sie brauchen.<\/p>\n<p>Diese Zimmer sind alle mit Klimaanlage, Fernseher und einem kleinen K\u00fchlschrank f\u00fcr Ihren Aufenthalt komplett ausgestattet. Es gibt auch einBad mit WC und Dusche. Die Lage dieses Geb\u00e4udes ist ideal f\u00fcr diejenigen, die Ruhe und Stille suchen. Dieses Geb\u00e4ude ist wirklich nah am Strand und ist leicht \u00fcber unsere Privatstra\u00dfe zu erreichen.<br \/>\nDie Zimmer sind im ersten Stock der Pension. Diese f\u00fcnf Zimmer teilen sich die hervorragende Aussicht auf das Meer und den H\u00fcgeln von ihren Balkonen. Die Zimmer selbst sind sehr k\u00fchl im Sommer, weil sie wirklich nah am Strand sind.<\/p>\n<div class=\"vc_column_container vc_col-sm-6\">\n<div class=\"wpb_wrapper vc_column-inner\">\n<div class=\"wpb_text_column wpb_content_element m-b-none\">\n<div class=\"wpb_wrapper\">\n<ul class=\"list list-icons list-primary list-borders text-uppercase text-color-dark font-size-sm\">\n<li><i class=\"fa fa-check\"><\/i>Klimaanlage<\/li>\n<li><i class=\"fa fa-check\"><\/i>Dusche \/ WC<\/li>\n<li><i class=\"fa fa-check\"><\/i>Safe<\/li>\n<\/ul>\n<\/div>\n<\/div>\n<\/div>\n<\/div>\n<div class=\"vc_column_container vc_col-sm-6\">\n<div class=\"wpb_wrapper vc_column-inner\">\n<div class=\"wpb_text_column wpb_content_element m-b-none\">\n<div class=\"wpb_wrapper\">\n<ul class=\"list list-icons list-primary list-borders text-uppercase text-color-dark font-size-sm\">\n<li><i class=\"fa fa-check\"><\/i>Fernsehen<\/li>\n<li><i class=\"fa fa-check\"><\/i>K\u00fchlschrank<\/li>\n<li><i class=\"fa fa-check\"><\/i>Haartrockner<\/li>\n<\/ul>\n<\/div>\n<\/div>\n<\/div>\n<\/div>\n<p>[\/vc_column_text][\/vc_column][\/vc_row][vc_row css=&#8221;.vc_custom_1486312108032{margin-right: 40px !important;margin-bottom: 80px !important;margin-left: 40px !important;padding-top: 40px !important;}&#8221;][vc_column width=&#8221;1\/2&#8243;][vc_column_text css=&#8221;.vc_custom_1644404960758{padding-right: 40px !important;padding-left: 40px !important;}&#8221;]<\/p>\n<h3 style=\"margin-bottom: 0px; line-height: 25px;\">STUDIOS<\/h3>\n<div class=\"porto-separator \">\n<div class=\"divider divider-small align_left solid \">\n<hr style=\"background-color: #82a62b; height: 3px; width: 50px; margin: -6px 22px 0 0;\" \/>\n<\/div>\n<\/div>\n<p style=\"font-size: 21px; font-weight: 300; margin-bottom: 30px; line-height: 30px;\">Die Studios befinden sich im Erdgeschoss der Pension umgeben von einem Garten.<\/p>\n<p>Unsere Studios sind sehr ger\u00e4umig Dadurch sind sie ideal f\u00fcr gro\u00dfe Familien. Im Inneren des Studios gibt es zwei Betten (ein einziger, und ein Doppel), aber im Falle Ihrer Familie oder Freunden erfordern mehr wir uns sehr freuen, Sie zu empfangen sein.<br \/>\nIm Erdgeschoss haben wir die Studios, die alle haben Zugriff auf den Rasen Garten, wo Sie etwas Schatten unter den riesigen Palmen kann man, umgeben von einem Garten mit Grillplatz und Terrasse, wo auch das Fr\u00fchst\u00fcck eingenommen wird..<br \/>\nDer Zimmerservice kommt t\u00e4glich und W\u00e4schewechsel zweimal pro Woche. Alle Studios haben kostenlose Parkpl\u00e4tze.<\/p>\n<div class=\"vc_column_container vc_col-sm-6\">\n<div class=\"wpb_wrapper vc_column-inner\">\n<div class=\"wpb_text_column wpb_content_element m-b-none\">\n<div class=\"wpb_wrapper\">\n<ul class=\"list list-icons list-primary list-borders text-uppercase text-color-dark font-size-sm\">\n<li><i class=\"fa fa-check\"><\/i>Klimaanlage<\/li>\n<li><i class=\"fa fa-check\"><\/i>Dusche \/ WC<\/li>\n<li><i class=\"fa fa-check\"><\/i>K\u00fcche<\/li>\n<li><i class=\"fa fa-check\"><\/i>Safe<\/li>\n<\/ul>\n<\/div>\n<\/div>\n<\/div>\n<\/div>\n<div class=\"vc_column_container vc_col-sm-6\">\n<div class=\"wpb_wrapper vc_column-inner\">\n<div class=\"wpb_text_column wpb_content_element m-b-none\">\n<div class=\"wpb_wrapper\">\n<ul class=\"list list-icons list-primary list-borders text-uppercase text-color-dark font-size-sm\">\n<li><i class=\"fa fa-check\"><\/i>Fernsehen<\/li>\n<li><i class=\"fa fa-check\"><\/i>K\u00fchlschrank<\/li>\n<li><i class=\"fa fa-check\"><\/i>Privat Parken<\/li>\n<li><i class=\"fa fa-check\"><\/i>Haartrockner<\/li>\n<\/ul>\n<\/div>\n<\/div>\n<\/div>\n<\/div>\n<p>[\/vc_column_text][\/vc_column][vc_column width=&#8221;1\/2&#8243;][vc_gallery interval=&#8221;3&#8243; images=&#8221;1848,1849,1850,1851,1852&#8243; img_size=&#8221;full&#8221;][\/vc_column][\/vc_row][vc_row css=&#8221;.vc_custom_1486312108032{margin-right: 40px !important;margin-bottom: 80px !important;margin-left: 40px !important;padding-top: 40px !important;}&#8221;][vc_column width=&#8221;1\/2&#8243;][vc_gallery interval=&#8221;3&#8243; images=&#8221;1858,1854,1855,1856,1857&#8243; img_size=&#8221;full&#8221;][\/vc_column][vc_column width=&#8221;1\/2&#8243;][vc_column_text css=&#8221;.vc_custom_1644404976741{padding-right: 40px !important;padding-left: 40px !important;}&#8221;]<\/p>\n<h3 style=\"margin-bottom: 0px; line-height: 25px;\">WOHNUNGEN<\/h3>\n<div class=\"porto-separator \">\n<div class=\"divider divider-small align_left solid \">\n<hr style=\"background-color: #82a62b; height: 3px; width: 50px; margin: -6px 22px 0 0;\" \/>\n<\/div>\n<\/div>\n<p style=\"font-size: 21px; font-weight: 300; margin-bottom: 30px; line-height: 30px;\">Die Wohnungen haben ein separates Schlafzimmer mit Doppelbettund ein Wohnzimmer mit zwei ausziehbaren Schlafsofas.<\/p>\n<p>Die Wohnungen sind sehr ruhig, sauber, umgeben von wundersch\u00f6nen G\u00e4rten mit sch\u00f6nen Blumen und Palmen umgeben und bietet so eine angenehme Umgebung, um alle unsere G\u00e4ste. Alle Appartements sind ger\u00e4umig und komfortabel, mit Bad WC mit Dusche, Klimaanlage, Fernseher, Kochnische mit allen grundlegenden Einrichtungen (K\u00fchlschrank, Ofen, Wasserkocher etc.), und Terrassen mit Meerblick, damit ausgestattet, um Ihren Aufenthalt komplett .<br \/>\nVor allem f\u00fcr Paare, Familien und Freunden empfohlen, begr\u00fc\u00dft er jedes Jahr eine gro\u00dfe Anzahl der Repeater G\u00e4ste an, die besonders f\u00fcr diejenigen, die ihren Urlaub in einem ruhigen Ort verbringen m\u00f6chten. Genie\u00dfen Sie die Landschaft des Meeres und des Himmels und entspannen Sie h\u00f6ren den Klang der Meer vom Balkon-den Wellenschlag am Ufer des Meeres.<\/p>\n<div class=\"vc_column_container vc_col-sm-6\">\n<div class=\"wpb_wrapper vc_column-inner\">\n<div class=\"wpb_text_column wpb_content_element m-b-none\">\n<div class=\"wpb_wrapper\">\n<ul class=\"list list-icons list-primary list-borders text-uppercase text-color-dark font-size-sm\">\n<li><i class=\"fa fa-check\"><\/i>Klimaanlage<\/li>\n<li><i class=\"fa fa-check\"><\/i>Dusche \/ WC<\/li>\n<li><i class=\"fa fa-check\"><\/i>K\u00fcche<\/li>\n<li><i class=\"fa fa-check\"><\/i>Safe<\/li>\n<\/ul>\n<\/div>\n<\/div>\n<\/div>\n<\/div>\n<div class=\"vc_column_container vc_col-sm-6\">\n<div class=\"wpb_wrapper vc_column-inner\">\n<div class=\"wpb_text_column wpb_content_element m-b-none\">\n<div class=\"wpb_wrapper\">\n<ul class=\"list list-icons list-primary list-borders text-uppercase text-color-dark font-size-sm\">\n<li><i class=\"fa fa-check\"><\/i>Fernsehen<\/li>\n<li><i class=\"fa fa-check\"><\/i>K\u00fchlschrank<\/li>\n<li><i class=\"fa fa-check\"><\/i>Zwei ausziehbaren Schlafsofas<\/li>\n<li><i class=\"fa fa-check\"><\/i>Haartrockner<\/li>\n<\/ul>\n<\/div>\n<\/div>\n<\/div>\n<\/div>\n<p>[\/vc_column_text][\/vc_column][\/vc_row]<\/p>\n","protected":false},"excerpt":{"rendered":"<p>[vc_row full_width=&#8221;stretch_row&#8221; bg_type=&#8221;image&#8221; parallax_style=&#8221;vcpb-vz-jquery&#8221; bg_image_new=&#8221;id^1836|url^https:\/\/gerasimos-apartments-marathias.com\/wp-content\/uploads\/2017\/02\/slide_1-1.jpg|caption^null|alt^null|title^slide_1-1|description^null&#8221; enable_overlay=&#8221;enable_overlay_value&#8221; overlay_color=&#8221;#b2b2b2&#8243; overlay_pattern=&#8221;01.png&#8221; css=&#8221;.vc_custom_1644394482709{margin-bottom: 0px !important;padding-top: 50px !important;padding-bottom: 40px !important;}&#8221;][vc_column][vc_column_text] UNTERKUNFT WERFEN SIE EINEN BLICK IN UNSERE ZIMMER [\/vc_column_text][\/vc_column][\/vc_row][vc_row css=&#8221;.vc_custom_1486911302199{margin-top: 50px !important;margin-right: 40px !important;margin-bottom: 50px !important;margin-left: 40px !important;padding-top: 0px !important;}&#8221;][vc_column width=&#8221;1\/2&#8243;][vc_gallery interval=&#8221;3&#8243; images=&#8221;1844,1846,1845&#8243; img_size=&#8221;full&#8221;][\/vc_column][vc_column width=&#8221;1\/2&#8243;][vc_column_text css=&#8221;.vc_custom_1644404944893{padding-right: 40px !important;padding-left: 40px !important;}&#8221;] ZIMMER Genie\u00dfen Sie Ihren Aufenthalt in unserer Pension in einem [&hellip;]<\/p>\n","protected":false},"author":1,"featured_media":0,"parent":0,"menu_order":2,"comment_status":"closed","ping_status":"closed","template":"","meta":{"footnotes":""},"class_list":["post-1942","page","type-page","status-publish","hentry"],"yoast_head":"<!-- This site is optimized with the Yoast SEO plugin v21.5 - https:\/\/yoast.com\/wordpress\/plugins\/seo\/ -->\n<title>Unterkunft - Vermieten Sie Zimmer an die Gerasimos Apartments im S\u00fcden von Korfu<\/title>\n<meta name=\"description\" content=\"Die Unterkunft der Gerasimos Apartments befindet sich in Marathias Korfu und wurde k\u00fcrzlich renoviert. Buchen Sie jetzt Ihre Reservierung auf der S\u00fcdseite der wundersch\u00f6nen Insel Korfu zum niedrigsten Preis.\" \/>\n<meta name=\"robots\" content=\"index, follow, max-snippet:-1, max-image-preview:large, max-video-preview:-1\" \/>\n<link rel=\"canonical\" href=\"https:\/\/gerasimos-apartments-marathias.com\/de\/accommodation\/\" \/>\n<meta property=\"og:locale\" content=\"de_DE\" \/>\n<meta property=\"og:type\" content=\"article\" \/>\n<meta property=\"og:title\" content=\"Unterkunft - Vermieten Sie Zimmer an die Gerasimos Apartments im S\u00fcden von Korfu\" \/>\n<meta property=\"og:description\" content=\"Die Unterkunft der Gerasimos Apartments befindet sich in Marathias Korfu und wurde k\u00fcrzlich renoviert. Buchen Sie jetzt Ihre Reservierung auf der S\u00fcdseite der wundersch\u00f6nen Insel Korfu zum niedrigsten Preis.\" \/>\n<meta property=\"og:url\" content=\"https:\/\/gerasimos-apartments-marathias.com\/de\/accommodation\/\" \/>\n<meta property=\"og:site_name\" content=\"Gerasimos Apartments &amp; Rooms at Marathias Corfu\" \/>\n<meta property=\"article:modified_time\" content=\"2022-02-09T13:40:03+00:00\" \/>\n<meta name=\"twitter:card\" content=\"summary_large_image\" \/>\n<meta name=\"twitter:label1\" content=\"Est. reading time\" \/>\n\t<meta name=\"twitter:data1\" content=\"3 minutes\" \/>\n<script type=\"application\/ld+json\" class=\"yoast-schema-graph\">{\"@context\":\"https:\/\/schema.org\",\"@graph\":[{\"@type\":\"WebPage\",\"@id\":\"https:\/\/gerasimos-apartments-marathias.com\/de\/accommodation\/\",\"url\":\"https:\/\/gerasimos-apartments-marathias.com\/de\/accommodation\/\",\"name\":\"Unterkunft - Vermieten Sie Zimmer an die Gerasimos Apartments im S\u00fcden von Korfu\",\"isPartOf\":{\"@id\":\"https:\/\/gerasimos-apartments-marathias.com\/#website\"},\"datePublished\":\"2022-02-08T17:32:56+00:00\",\"dateModified\":\"2022-02-09T13:40:03+00:00\",\"description\":\"Die Unterkunft der Gerasimos Apartments befindet sich in Marathias Korfu und wurde k\u00fcrzlich renoviert. Buchen Sie jetzt Ihre Reservierung auf der S\u00fcdseite der wundersch\u00f6nen Insel Korfu zum niedrigsten Preis.\",\"breadcrumb\":{\"@id\":\"https:\/\/gerasimos-apartments-marathias.com\/de\/accommodation\/#breadcrumb\"},\"inLanguage\":\"de-DE\",\"potentialAction\":[{\"@type\":\"ReadAction\",\"target\":[\"https:\/\/gerasimos-apartments-marathias.com\/de\/accommodation\/\"]}]},{\"@type\":\"BreadcrumbList\",\"@id\":\"https:\/\/gerasimos-apartments-marathias.com\/de\/accommodation\/#breadcrumb\",\"itemListElement\":[{\"@type\":\"ListItem\",\"position\":1,\"name\":\"Home\",\"item\":\"https:\/\/gerasimos-apartments-marathias.com\/de\/\"},{\"@type\":\"ListItem\",\"position\":2,\"name\":\"UNTERKUNFT\"}]},{\"@type\":\"WebSite\",\"@id\":\"https:\/\/gerasimos-apartments-marathias.com\/#website\",\"url\":\"https:\/\/gerasimos-apartments-marathias.com\/\",\"name\":\"Gerasimos Apartments &amp; Rooms at Marathias Corfu\",\"description\":\"Apartments-Gerasimos\",\"potentialAction\":[{\"@type\":\"SearchAction\",\"target\":{\"@type\":\"EntryPoint\",\"urlTemplate\":\"https:\/\/gerasimos-apartments-marathias.com\/?s={search_term_string}\"},\"query-input\":\"required name=search_term_string\"}],\"inLanguage\":\"de-DE\"}]}<\/script>\n<!-- \/ Yoast SEO plugin. -->","yoast_head_json":{"title":"Unterkunft - Vermieten Sie Zimmer an die Gerasimos Apartments im S\u00fcden von Korfu","description":"Die Unterkunft der Gerasimos Apartments befindet sich in Marathias Korfu und wurde k\u00fcrzlich renoviert. Buchen Sie jetzt Ihre Reservierung auf der S\u00fcdseite der wundersch\u00f6nen Insel Korfu zum niedrigsten Preis.","robots":{"index":"index","follow":"follow","max-snippet":"max-snippet:-1","max-image-preview":"max-image-preview:large","max-video-preview":"max-video-preview:-1"},"canonical":"https:\/\/gerasimos-apartments-marathias.com\/de\/accommodation\/","og_locale":"de_DE","og_type":"article","og_title":"Unterkunft - Vermieten Sie Zimmer an die Gerasimos Apartments im S\u00fcden von Korfu","og_description":"Die Unterkunft der Gerasimos Apartments befindet sich in Marathias Korfu und wurde k\u00fcrzlich renoviert. Buchen Sie jetzt Ihre Reservierung auf der S\u00fcdseite der wundersch\u00f6nen Insel Korfu zum niedrigsten Preis.","og_url":"https:\/\/gerasimos-apartments-marathias.com\/de\/accommodation\/","og_site_name":"Gerasimos Apartments &amp; Rooms at Marathias Corfu","article_modified_time":"2022-02-09T13:40:03+00:00","twitter_card":"summary_large_image","twitter_misc":{"Est. reading time":"3 minutes"},"schema":{"@context":"https:\/\/schema.org","@graph":[{"@type":"WebPage","@id":"https:\/\/gerasimos-apartments-marathias.com\/de\/accommodation\/","url":"https:\/\/gerasimos-apartments-marathias.com\/de\/accommodation\/","name":"Unterkunft - Vermieten Sie Zimmer an die Gerasimos Apartments im S\u00fcden von Korfu","isPartOf":{"@id":"https:\/\/gerasimos-apartments-marathias.com\/#website"},"datePublished":"2022-02-08T17:32:56+00:00","dateModified":"2022-02-09T13:40:03+00:00","description":"Die Unterkunft der Gerasimos Apartments befindet sich in Marathias Korfu und wurde k\u00fcrzlich renoviert. Buchen Sie jetzt Ihre Reservierung auf der S\u00fcdseite der wundersch\u00f6nen Insel Korfu zum niedrigsten Preis.","breadcrumb":{"@id":"https:\/\/gerasimos-apartments-marathias.com\/de\/accommodation\/#breadcrumb"},"inLanguage":"de-DE","potentialAction":[{"@type":"ReadAction","target":["https:\/\/gerasimos-apartments-marathias.com\/de\/accommodation\/"]}]},{"@type":"BreadcrumbList","@id":"https:\/\/gerasimos-apartments-marathias.com\/de\/accommodation\/#breadcrumb","itemListElement":[{"@type":"ListItem","position":1,"name":"Home","item":"https:\/\/gerasimos-apartments-marathias.com\/de\/"},{"@type":"ListItem","position":2,"name":"UNTERKUNFT"}]},{"@type":"WebSite","@id":"https:\/\/gerasimos-apartments-marathias.com\/#website","url":"https:\/\/gerasimos-apartments-marathias.com\/","name":"Gerasimos Apartments &amp; Rooms at Marathias Corfu","description":"Apartments-Gerasimos","potentialAction":[{"@type":"SearchAction","target":{"@type":"EntryPoint","urlTemplate":"https:\/\/gerasimos-apartments-marathias.com\/?s={search_term_string}"},"query-input":"required name=search_term_string"}],"inLanguage":"de-DE"}]}},"_links":{"self":[{"href":"https:\/\/gerasimos-apartments-marathias.com\/de\/wp-json\/wp\/v2\/pages\/1942","targetHints":{"allow":["GET"]}}],"collection":[{"href":"https:\/\/gerasimos-apartments-marathias.com\/de\/wp-json\/wp\/v2\/pages"}],"about":[{"href":"https:\/\/gerasimos-apartments-marathias.com\/de\/wp-json\/wp\/v2\/types\/page"}],"author":[{"embeddable":true,"href":"https:\/\/gerasimos-apartments-marathias.com\/de\/wp-json\/wp\/v2\/users\/1"}],"replies":[{"embeddable":true,"href":"https:\/\/gerasimos-apartments-marathias.com\/de\/wp-json\/wp\/v2\/comments?post=1942"}],"version-history":[{"count":3,"href":"https:\/\/gerasimos-apartments-marathias.com\/de\/wp-json\/wp\/v2\/pages\/1942\/revisions"}],"predecessor-version":[{"id":1954,"href":"https:\/\/gerasimos-apartments-marathias.com\/de\/wp-json\/wp\/v2\/pages\/1942\/revisions\/1954"}],"wp:attachment":[{"href":"https:\/\/gerasimos-apartments-marathias.com\/de\/wp-json\/wp\/v2\/media?parent=1942"}],"curies":[{"name":"wp","href":"https:\/\/api.w.org\/{rel}","templated":true}]}}