{"id":1617,"date":"2015-03-28T12:30:14","date_gmt":"2015-03-28T12:30:14","guid":{"rendered":"https:\/\/gerasimos-apartments-marathias.com\/?page_id=1617"},"modified":"2015-03-28T12:38:13","modified_gmt":"2015-03-28T12:38:13","slug":"marathias-strand-2","status":"publish","type":"page","link":"https:\/\/gerasimos-apartments-marathias.com\/de\/marathias-strand-2\/","title":{"rendered":"Marathias Strand"},"content":{"rendered":"<div class=\"breadcrumbs\">\n<p><span><\/span><a href=\"https:\/\/gerasimos-apartments-marathias.com\/de\/foto-galerie\/\">Foto-Galerie<\/a><span>\u00bb<\/span><span class=\"current\">Marathias Strand<\/span><\/p>\n<\/p><\/div>\n<h2> Marathias Strand <\/h2>\n<p>Der Sandstrand von Marathias, die mit der blauen Flagge ausgezeichnet wurde, mit seinem kristallklaren Wasser ist nur wenige Gehminuten von unseren Appartements entfernt und kann \u00fcber einen kurzen Fu\u00dfweg zu erreichen. Marathias ist ideal zum Entspannen und genie\u00dfen Sie einen ruhigen Urlaub. Ein paar Tavernen k\u00f6nnen in-Bereich, bekannt f\u00fcr ihre frischen Fisch mit frischem Fisch und lokalen Spezialit\u00e4ten, lebende Hummer, die alle um Sie von den einheimischen Fischern gebracht gefunden werden. Es gibt auch Gesch\u00e4fte, damit Sie Ihre Geschenke und Geschenke f\u00fcr Ihre Freunde zu kaufen.<\/p>\n<p>[link_more url=&#8221;https:\/\/gerasimos-apartments-marathias.com\/de\/marathias\/&#8221; text=&#8221;Mehr \u00fcber Marathias Dorf&#8221;]<\/p>\n<p>[catablog template=&#8221;gallery&#8221; category=&#8221;Marathias Beach Gallery&#8221;]<\/p>\n<p>\n[row_box style=&#8221;border box_white box&#8221;]<br \/>\n    [col_1_3]<br \/>\n        [title h2=&#8221;title_blue&#8221;]<a href=\"https:\/\/gerasimos-apartments-marathias.com\/de\/interior-galerie\/\">Interior Galerie<\/a>[\/title]<br \/>\n    [\/col_1_3]<br \/>\n    [col_1_3]<br \/>\n        [title h2=&#8221;title_violet&#8221;]<a href=\"https:\/\/gerasimos-apartments-marathias.com\/de\/exterior-galerie\/\">Exterior Galerie<\/a>[\/title]<br \/>\n    [\/col_1_3]<br \/>\n    [col_1_3]<br \/>\n        [title h2=&#8221;title_dark_blue&#8221;]Marathias Strand[\/title]<br \/>\n    [\/col_1_3]<br \/>\n[\/row_box]<\/p>\n","protected":false},"excerpt":{"rendered":"<p>Foto-Galerie\u00bbMarathias Strand Marathias Strand Der Sandstrand von Marathias, die mit der blauen Flagge ausgezeichnet wurde, mit seinem kristallklaren Wasser ist nur wenige Gehminuten von unseren Appartements entfernt und kann \u00fcber einen kurzen Fu\u00dfweg zu erreichen. Marathias ist ideal zum Entspannen und genie\u00dfen Sie einen ruhigen Urlaub. Ein paar Tavernen k\u00f6nnen in-Bereich, bekannt f\u00fcr ihre frischen [&hellip;]<\/p>\n","protected":false},"author":1,"featured_media":0,"parent":0,"menu_order":0,"comment_status":"closed","ping_status":"open","template":"","meta":{"footnotes":""},"class_list":["post-1617","page","type-page","status-publish","hentry"],"yoast_head":"<!-- This site is optimized with the Yoast SEO plugin v21.5 - https:\/\/yoast.com\/wordpress\/plugins\/seo\/ -->\n<title>Marathias Strand - Gerasimos Apartments &amp; Rooms at Marathias Corfu<\/title>\n<meta name=\"robots\" content=\"index, follow, max-snippet:-1, max-image-preview:large, max-video-preview:-1\" \/>\n<link rel=\"canonical\" href=\"https:\/\/gerasimos-apartments-marathias.com\/de\/marathias-strand-2\/\" \/>\n<meta property=\"og:locale\" content=\"de_DE\" \/>\n<meta property=\"og:type\" content=\"article\" \/>\n<meta property=\"og:title\" content=\"Marathias Strand - Gerasimos Apartments &amp; Rooms at Marathias Corfu\" \/>\n<meta property=\"og:description\" content=\"Foto-Galerie\u00bbMarathias Strand Marathias Strand Der Sandstrand von Marathias, die mit der blauen Flagge ausgezeichnet wurde, mit seinem kristallklaren Wasser ist nur wenige Gehminuten von unseren Appartements entfernt und kann \u00fcber einen kurzen Fu\u00dfweg zu erreichen. Marathias ist ideal zum Entspannen und genie\u00dfen Sie einen ruhigen Urlaub. Ein paar Tavernen k\u00f6nnen in-Bereich, bekannt f\u00fcr ihre frischen [&hellip;]\" \/>\n<meta property=\"og:url\" content=\"https:\/\/gerasimos-apartments-marathias.com\/de\/marathias-strand-2\/\" \/>\n<meta property=\"og:site_name\" content=\"Gerasimos Apartments &amp; Rooms at Marathias Corfu\" \/>\n<meta property=\"article:modified_time\" content=\"2015-03-28T12:38:13+00:00\" \/>\n<meta name=\"twitter:card\" content=\"summary_large_image\" \/>\n<meta name=\"twitter:label1\" content=\"Est. reading time\" \/>\n\t<meta name=\"twitter:data1\" content=\"1 minute\" \/>\n<script type=\"application\/ld+json\" class=\"yoast-schema-graph\">{\"@context\":\"https:\/\/schema.org\",\"@graph\":[{\"@type\":\"WebPage\",\"@id\":\"https:\/\/gerasimos-apartments-marathias.com\/de\/marathias-strand-2\/\",\"url\":\"https:\/\/gerasimos-apartments-marathias.com\/de\/marathias-strand-2\/\",\"name\":\"Marathias Strand - Gerasimos Apartments &amp; Rooms at Marathias Corfu\",\"isPartOf\":{\"@id\":\"https:\/\/gerasimos-apartments-marathias.com\/#website\"},\"datePublished\":\"2015-03-28T12:30:14+00:00\",\"dateModified\":\"2015-03-28T12:38:13+00:00\",\"breadcrumb\":{\"@id\":\"https:\/\/gerasimos-apartments-marathias.com\/de\/marathias-strand-2\/#breadcrumb\"},\"inLanguage\":\"de-DE\",\"potentialAction\":[{\"@type\":\"ReadAction\",\"target\":[\"https:\/\/gerasimos-apartments-marathias.com\/de\/marathias-strand-2\/\"]}]},{\"@type\":\"BreadcrumbList\",\"@id\":\"https:\/\/gerasimos-apartments-marathias.com\/de\/marathias-strand-2\/#breadcrumb\",\"itemListElement\":[{\"@type\":\"ListItem\",\"position\":1,\"name\":\"Home\",\"item\":\"https:\/\/gerasimos-apartments-marathias.com\/de\/\"},{\"@type\":\"ListItem\",\"position\":2,\"name\":\"Marathias Strand\"}]},{\"@type\":\"WebSite\",\"@id\":\"https:\/\/gerasimos-apartments-marathias.com\/#website\",\"url\":\"https:\/\/gerasimos-apartments-marathias.com\/\",\"name\":\"Gerasimos Apartments &amp; Rooms at Marathias Corfu\",\"description\":\"Apartments-Gerasimos\",\"potentialAction\":[{\"@type\":\"SearchAction\",\"target\":{\"@type\":\"EntryPoint\",\"urlTemplate\":\"https:\/\/gerasimos-apartments-marathias.com\/?s={search_term_string}\"},\"query-input\":\"required name=search_term_string\"}],\"inLanguage\":\"de-DE\"}]}<\/script>\n<!-- \/ Yoast SEO plugin. -->","yoast_head_json":{"title":"Marathias Strand - Gerasimos Apartments &amp; Rooms at Marathias Corfu","robots":{"index":"index","follow":"follow","max-snippet":"max-snippet:-1","max-image-preview":"max-image-preview:large","max-video-preview":"max-video-preview:-1"},"canonical":"https:\/\/gerasimos-apartments-marathias.com\/de\/marathias-strand-2\/","og_locale":"de_DE","og_type":"article","og_title":"Marathias Strand - Gerasimos Apartments &amp; Rooms at Marathias Corfu","og_description":"Foto-Galerie\u00bbMarathias Strand Marathias Strand Der Sandstrand von Marathias, die mit der blauen Flagge ausgezeichnet wurde, mit seinem kristallklaren Wasser ist nur wenige Gehminuten von unseren Appartements entfernt und kann \u00fcber einen kurzen Fu\u00dfweg zu erreichen. Marathias ist ideal zum Entspannen und genie\u00dfen Sie einen ruhigen Urlaub. Ein paar Tavernen k\u00f6nnen in-Bereich, bekannt f\u00fcr ihre frischen [&hellip;]","og_url":"https:\/\/gerasimos-apartments-marathias.com\/de\/marathias-strand-2\/","og_site_name":"Gerasimos Apartments &amp; Rooms at Marathias Corfu","article_modified_time":"2015-03-28T12:38:13+00:00","twitter_card":"summary_large_image","twitter_misc":{"Est. reading time":"1 minute"},"schema":{"@context":"https:\/\/schema.org","@graph":[{"@type":"WebPage","@id":"https:\/\/gerasimos-apartments-marathias.com\/de\/marathias-strand-2\/","url":"https:\/\/gerasimos-apartments-marathias.com\/de\/marathias-strand-2\/","name":"Marathias Strand - Gerasimos Apartments &amp; Rooms at Marathias Corfu","isPartOf":{"@id":"https:\/\/gerasimos-apartments-marathias.com\/#website"},"datePublished":"2015-03-28T12:30:14+00:00","dateModified":"2015-03-28T12:38:13+00:00","breadcrumb":{"@id":"https:\/\/gerasimos-apartments-marathias.com\/de\/marathias-strand-2\/#breadcrumb"},"inLanguage":"de-DE","potentialAction":[{"@type":"ReadAction","target":["https:\/\/gerasimos-apartments-marathias.com\/de\/marathias-strand-2\/"]}]},{"@type":"BreadcrumbList","@id":"https:\/\/gerasimos-apartments-marathias.com\/de\/marathias-strand-2\/#breadcrumb","itemListElement":[{"@type":"ListItem","position":1,"name":"Home","item":"https:\/\/gerasimos-apartments-marathias.com\/de\/"},{"@type":"ListItem","position":2,"name":"Marathias Strand"}]},{"@type":"WebSite","@id":"https:\/\/gerasimos-apartments-marathias.com\/#website","url":"https:\/\/gerasimos-apartments-marathias.com\/","name":"Gerasimos Apartments &amp; Rooms at Marathias Corfu","description":"Apartments-Gerasimos","potentialAction":[{"@type":"SearchAction","target":{"@type":"EntryPoint","urlTemplate":"https:\/\/gerasimos-apartments-marathias.com\/?s={search_term_string}"},"query-input":"required name=search_term_string"}],"inLanguage":"de-DE"}]}},"_links":{"self":[{"href":"https:\/\/gerasimos-apartments-marathias.com\/de\/wp-json\/wp\/v2\/pages\/1617","targetHints":{"allow":["GET"]}}],"collection":[{"href":"https:\/\/gerasimos-apartments-marathias.com\/de\/wp-json\/wp\/v2\/pages"}],"about":[{"href":"https:\/\/gerasimos-apartments-marathias.com\/de\/wp-json\/wp\/v2\/types\/page"}],"author":[{"embeddable":true,"href":"https:\/\/gerasimos-apartments-marathias.com\/de\/wp-json\/wp\/v2\/users\/1"}],"replies":[{"embeddable":true,"href":"https:\/\/gerasimos-apartments-marathias.com\/de\/wp-json\/wp\/v2\/comments?post=1617"}],"version-history":[{"count":3,"href":"https:\/\/gerasimos-apartments-marathias.com\/de\/wp-json\/wp\/v2\/pages\/1617\/revisions"}],"predecessor-version":[{"id":1653,"href":"https:\/\/gerasimos-apartments-marathias.com\/de\/wp-json\/wp\/v2\/pages\/1617\/revisions\/1653"}],"wp:attachment":[{"href":"https:\/\/gerasimos-apartments-marathias.com\/de\/wp-json\/wp\/v2\/media?parent=1617"}],"curies":[{"name":"wp","href":"https:\/\/api.w.org\/{rel}","templated":true}]}}