{"id":1610,"date":"2015-03-28T12:22:38","date_gmt":"2015-03-28T12:22:38","guid":{"rendered":"https:\/\/gerasimos-apartments-marathias.com\/?page_id=1610"},"modified":"2015-03-28T12:37:58","modified_gmt":"2015-03-28T12:37:58","slug":"interior-galerie-2","status":"publish","type":"page","link":"https:\/\/gerasimos-apartments-marathias.com\/de\/interior-galerie-2\/","title":{"rendered":"Interior Galerie"},"content":{"rendered":"<div class=\"breadcrumbs\">\n<p><span><\/span><a href=\"https:\/\/gerasimos-apartments-marathias.com\/de\/foto-galerie\/\">Foto-Galerie<\/a><span>\u00bb<\/span><span class=\"current\">Interior Galerie<\/span><\/p>\n<\/p><\/div>\n<p><\/p>\n<h2> Interior Galerie<\/h2>\n<p>Unsere Pension verf\u00fcgt \u00fcber 5 Zimmer, 3 Studios f\u00fcr 1-3 Personen und 2 Appartements f\u00fcr 2-4 Personen. Ein Haus mit einem hohen Anteil an Stammkunden. Die freundlichen Besitzer leben in der Einrichtung und Pflege liebevoll um das Wohl ihrer G\u00e4ste. <\/p>\n<p>[link_more url=&#8221;https:\/\/gerasimos-apartments-marathias.com\/de\/category\/rooms\/&#8221; text=&#8221;Mehr \u00fcber unsere Zimmer&#8221;]<\/p>\n<h3 class=\"title_bg\"> Unsere Zimmer<\/h3>\n<p>[catablog template=&#8221;gallery&#8221; category=&#8221;Room Only&#8221;]<br \/>\n<\/p>\n<h3 class=\"title_bg\"> Unsere Wohnungen<\/h3>\n<p>[catablog template=&#8221;gallery&#8221; category=&#8221;2 Room Apart&#8221;]<br \/>\n<\/p>\n<h3 class=\"title_bg\"> unsere Studios<\/h3>\n<p>[catablog template=&#8221;gallery&#8221; category=&#8221;Studio&#8221;]<\/p>\n<p>\n[row_box style=&#8221;border box_white box&#8221;]<br \/>\n    [col_1_3]<br \/>\n        [title h2=&#8221;title_blue&#8221;]Interior Galerie[\/title]<br \/>\n    [\/col_1_3]<br \/>\n    [col_1_3]<br \/>\n        [title h2=&#8221;title_violet&#8221;]<a href=\"https:\/\/gerasimos-apartments-marathias.com\/de\/exterior-galerie\/\">Exterior Galerie<\/a>[\/title]<br \/>\n    [\/col_1_3]<br \/>\n    [col_1_3]<br \/>\n        [title h2=&#8221;title_dark_blue&#8221;]<a href=\"https:\/\/gerasimos-apartments-marathias.com\/de\/marathias-strand\/\">Marathias Strand<\/a>[\/title]<br \/>\n    [\/col_1_3]<br \/>\n[\/row_box]<\/p>\n","protected":false},"excerpt":{"rendered":"<p>Foto-Galerie\u00bbInterior Galerie Interior Galerie Unsere Pension verf\u00fcgt \u00fcber 5 Zimmer, 3 Studios f\u00fcr 1-3 Personen und 2 Appartements f\u00fcr 2-4 Personen. Ein Haus mit einem hohen Anteil an Stammkunden. Die freundlichen Besitzer leben in der Einrichtung und Pflege liebevoll um das Wohl ihrer G\u00e4ste. [link_more url=&#8221;https:\/\/gerasimos-apartments-marathias.com\/de\/category\/rooms\/&#8221; text=&#8221;Mehr \u00fcber unsere Zimmer&#8221;] Unsere Zimmer [catablog template=&#8221;gallery&#8221; category=&#8221;Room [&hellip;]<\/p>\n","protected":false},"author":1,"featured_media":0,"parent":0,"menu_order":0,"comment_status":"closed","ping_status":"open","template":"","meta":{"footnotes":""},"class_list":["post-1610","page","type-page","status-publish","hentry"],"yoast_head":"<!-- This site is optimized with the Yoast SEO plugin v21.5 - https:\/\/yoast.com\/wordpress\/plugins\/seo\/ -->\n<title>Interior Galerie - Gerasimos Apartments &amp; Rooms at Marathias Corfu<\/title>\n<meta name=\"robots\" content=\"index, follow, max-snippet:-1, max-image-preview:large, max-video-preview:-1\" \/>\n<link rel=\"canonical\" href=\"https:\/\/gerasimos-apartments-marathias.com\/de\/interior-galerie-2\/\" \/>\n<meta property=\"og:locale\" content=\"de_DE\" \/>\n<meta property=\"og:type\" content=\"article\" \/>\n<meta property=\"og:title\" content=\"Interior Galerie - Gerasimos Apartments &amp; Rooms at Marathias Corfu\" \/>\n<meta property=\"og:description\" content=\"Foto-Galerie\u00bbInterior Galerie Interior Galerie Unsere Pension verf\u00fcgt \u00fcber 5 Zimmer, 3 Studios f\u00fcr 1-3 Personen und 2 Appartements f\u00fcr 2-4 Personen. Ein Haus mit einem hohen Anteil an Stammkunden. Die freundlichen Besitzer leben in der Einrichtung und Pflege liebevoll um das Wohl ihrer G\u00e4ste. [link_more url=&#8221;https:\/\/gerasimos-apartments-marathias.com\/de\/category\/rooms\/&#8221; text=&#8221;Mehr \u00fcber unsere Zimmer&#8221;] Unsere Zimmer [catablog template=&#8221;gallery&#8221; category=&#8221;Room [&hellip;]\" \/>\n<meta property=\"og:url\" content=\"https:\/\/gerasimos-apartments-marathias.com\/de\/interior-galerie-2\/\" \/>\n<meta property=\"og:site_name\" content=\"Gerasimos Apartments &amp; Rooms at Marathias Corfu\" \/>\n<meta property=\"article:modified_time\" content=\"2015-03-28T12:37:58+00:00\" \/>\n<meta name=\"twitter:card\" content=\"summary_large_image\" \/>\n<meta name=\"twitter:label1\" content=\"Est. reading time\" \/>\n\t<meta name=\"twitter:data1\" content=\"1 minute\" \/>\n<script type=\"application\/ld+json\" class=\"yoast-schema-graph\">{\"@context\":\"https:\/\/schema.org\",\"@graph\":[{\"@type\":\"WebPage\",\"@id\":\"https:\/\/gerasimos-apartments-marathias.com\/de\/interior-galerie-2\/\",\"url\":\"https:\/\/gerasimos-apartments-marathias.com\/de\/interior-galerie-2\/\",\"name\":\"Interior Galerie - Gerasimos Apartments &amp; Rooms at Marathias Corfu\",\"isPartOf\":{\"@id\":\"https:\/\/gerasimos-apartments-marathias.com\/#website\"},\"datePublished\":\"2015-03-28T12:22:38+00:00\",\"dateModified\":\"2015-03-28T12:37:58+00:00\",\"breadcrumb\":{\"@id\":\"https:\/\/gerasimos-apartments-marathias.com\/de\/interior-galerie-2\/#breadcrumb\"},\"inLanguage\":\"de-DE\",\"potentialAction\":[{\"@type\":\"ReadAction\",\"target\":[\"https:\/\/gerasimos-apartments-marathias.com\/de\/interior-galerie-2\/\"]}]},{\"@type\":\"BreadcrumbList\",\"@id\":\"https:\/\/gerasimos-apartments-marathias.com\/de\/interior-galerie-2\/#breadcrumb\",\"itemListElement\":[{\"@type\":\"ListItem\",\"position\":1,\"name\":\"Home\",\"item\":\"https:\/\/gerasimos-apartments-marathias.com\/de\/\"},{\"@type\":\"ListItem\",\"position\":2,\"name\":\"Interior Galerie\"}]},{\"@type\":\"WebSite\",\"@id\":\"https:\/\/gerasimos-apartments-marathias.com\/#website\",\"url\":\"https:\/\/gerasimos-apartments-marathias.com\/\",\"name\":\"Gerasimos Apartments &amp; Rooms at Marathias Corfu\",\"description\":\"Apartments-Gerasimos\",\"potentialAction\":[{\"@type\":\"SearchAction\",\"target\":{\"@type\":\"EntryPoint\",\"urlTemplate\":\"https:\/\/gerasimos-apartments-marathias.com\/?s={search_term_string}\"},\"query-input\":\"required name=search_term_string\"}],\"inLanguage\":\"de-DE\"}]}<\/script>\n<!-- \/ Yoast SEO plugin. -->","yoast_head_json":{"title":"Interior Galerie - Gerasimos Apartments &amp; Rooms at Marathias Corfu","robots":{"index":"index","follow":"follow","max-snippet":"max-snippet:-1","max-image-preview":"max-image-preview:large","max-video-preview":"max-video-preview:-1"},"canonical":"https:\/\/gerasimos-apartments-marathias.com\/de\/interior-galerie-2\/","og_locale":"de_DE","og_type":"article","og_title":"Interior Galerie - Gerasimos Apartments &amp; Rooms at Marathias Corfu","og_description":"Foto-Galerie\u00bbInterior Galerie Interior Galerie Unsere Pension verf\u00fcgt \u00fcber 5 Zimmer, 3 Studios f\u00fcr 1-3 Personen und 2 Appartements f\u00fcr 2-4 Personen. Ein Haus mit einem hohen Anteil an Stammkunden. Die freundlichen Besitzer leben in der Einrichtung und Pflege liebevoll um das Wohl ihrer G\u00e4ste. [link_more url=&#8221;https:\/\/gerasimos-apartments-marathias.com\/de\/category\/rooms\/&#8221; text=&#8221;Mehr \u00fcber unsere Zimmer&#8221;] Unsere Zimmer [catablog template=&#8221;gallery&#8221; category=&#8221;Room [&hellip;]","og_url":"https:\/\/gerasimos-apartments-marathias.com\/de\/interior-galerie-2\/","og_site_name":"Gerasimos Apartments &amp; Rooms at Marathias Corfu","article_modified_time":"2015-03-28T12:37:58+00:00","twitter_card":"summary_large_image","twitter_misc":{"Est. reading time":"1 minute"},"schema":{"@context":"https:\/\/schema.org","@graph":[{"@type":"WebPage","@id":"https:\/\/gerasimos-apartments-marathias.com\/de\/interior-galerie-2\/","url":"https:\/\/gerasimos-apartments-marathias.com\/de\/interior-galerie-2\/","name":"Interior Galerie - Gerasimos Apartments &amp; Rooms at Marathias Corfu","isPartOf":{"@id":"https:\/\/gerasimos-apartments-marathias.com\/#website"},"datePublished":"2015-03-28T12:22:38+00:00","dateModified":"2015-03-28T12:37:58+00:00","breadcrumb":{"@id":"https:\/\/gerasimos-apartments-marathias.com\/de\/interior-galerie-2\/#breadcrumb"},"inLanguage":"de-DE","potentialAction":[{"@type":"ReadAction","target":["https:\/\/gerasimos-apartments-marathias.com\/de\/interior-galerie-2\/"]}]},{"@type":"BreadcrumbList","@id":"https:\/\/gerasimos-apartments-marathias.com\/de\/interior-galerie-2\/#breadcrumb","itemListElement":[{"@type":"ListItem","position":1,"name":"Home","item":"https:\/\/gerasimos-apartments-marathias.com\/de\/"},{"@type":"ListItem","position":2,"name":"Interior Galerie"}]},{"@type":"WebSite","@id":"https:\/\/gerasimos-apartments-marathias.com\/#website","url":"https:\/\/gerasimos-apartments-marathias.com\/","name":"Gerasimos Apartments &amp; Rooms at Marathias Corfu","description":"Apartments-Gerasimos","potentialAction":[{"@type":"SearchAction","target":{"@type":"EntryPoint","urlTemplate":"https:\/\/gerasimos-apartments-marathias.com\/?s={search_term_string}"},"query-input":"required name=search_term_string"}],"inLanguage":"de-DE"}]}},"_links":{"self":[{"href":"https:\/\/gerasimos-apartments-marathias.com\/de\/wp-json\/wp\/v2\/pages\/1610","targetHints":{"allow":["GET"]}}],"collection":[{"href":"https:\/\/gerasimos-apartments-marathias.com\/de\/wp-json\/wp\/v2\/pages"}],"about":[{"href":"https:\/\/gerasimos-apartments-marathias.com\/de\/wp-json\/wp\/v2\/types\/page"}],"author":[{"embeddable":true,"href":"https:\/\/gerasimos-apartments-marathias.com\/de\/wp-json\/wp\/v2\/users\/1"}],"replies":[{"embeddable":true,"href":"https:\/\/gerasimos-apartments-marathias.com\/de\/wp-json\/wp\/v2\/comments?post=1610"}],"version-history":[{"count":3,"href":"https:\/\/gerasimos-apartments-marathias.com\/de\/wp-json\/wp\/v2\/pages\/1610\/revisions"}],"predecessor-version":[{"id":1649,"href":"https:\/\/gerasimos-apartments-marathias.com\/de\/wp-json\/wp\/v2\/pages\/1610\/revisions\/1649"}],"wp:attachment":[{"href":"https:\/\/gerasimos-apartments-marathias.com\/de\/wp-json\/wp\/v2\/media?parent=1610"}],"curies":[{"name":"wp","href":"https:\/\/api.w.org\/{rel}","templated":true}]}}