{"id":1607,"date":"2015-03-28T12:20:56","date_gmt":"2015-03-28T12:20:56","guid":{"rendered":"https:\/\/gerasimos-apartments-marathias.com\/?page_id=1607"},"modified":"2022-02-09T14:47:22","modified_gmt":"2022-02-09T12:47:22","slug":"how-to-get-here-3","status":"publish","type":"page","link":"https:\/\/gerasimos-apartments-marathias.com\/de\/how-to-get-here-3\/","title":{"rendered":"HIERHER ZU KOMMEN"},"content":{"rendered":"<p>[vc_row full_width=&#8221;stretch_row&#8221; bg_type=&#8221;image&#8221; parallax_style=&#8221;vcpb-vz-jquery&#8221; bg_image_new=&#8221;id^1861|url^https:\/\/gerasimos-apartments-marathias.com\/wp-content\/uploads\/2022\/02\/MARATHIAS.jpg|caption^null|alt^null|title^MARATHIAS|description^null&#8221; enable_overlay=&#8221;enable_overlay_value&#8221; overlay_color=&#8221;#7a7a7a&#8221; overlay_pattern=&#8221;01.png&#8221; css=&#8221;.vc_custom_1644396041602{padding-top: 50px !important;padding-bottom: 40px !important;}&#8221;][vc_column][vc_column_text]<\/p>\n<h1 class=\"page-title b-none\" style=\"text-align: center; color: white; margin-bottom: 4PX;\"><strong>MARATHIAS DORF<\/strong><\/h1>\n<p class=\"page-sub-title\" style=\"text-align: center; color: white; font-size: 1.25em;\">WIE,HIERHER ZU KOMMEN<\/p>\n<p>[\/vc_column_text][\/vc_column][\/vc_row][vc_row css=&#8221;.vc_custom_1487331164106{padding-top: 40px !important;padding-right: 40px !important;padding-bottom: 40px !important;padding-left: 40px !important;}&#8221;][vc_column][vc_column_text css=&#8221;.vc_custom_1644405823760{padding-right: 40px !important;}&#8221;]<\/p>\n<h3 style=\"margin-bottom: 0px; line-height: 25px;\">\u00dcBER DAS DORF MARATHIAS<\/h3>\n<div class=\"porto-separator \">\n<div class=\"divider divider-small align_left solid \">\n<hr style=\"background-color: #82a62b; height: 3px; width: 50px; margin: -6px 22px 0 0;\" \/>\n<\/div>\n<\/div>\n<p style=\"font-size: 21px; font-weight: 300; margin-bottom: 30px; line-height: 30px;\">Wie, hierher zu kommen.<\/p>\n<p>Marathias ist 37 km von Korfu Flughafen, auf der Westseite der Insel. Es gibt eine Bushaltestelle 1 km vom Strand entfernt, oder Sie k\u00f6nnen ein Auto oder ein Fahrrad in der N\u00e4he mieten. Es gibt Bars und Nachtclubs in St. George und Kavos, 1,5 km vom Dorf entfernt. Es gibt einige St\u00e4dte und D\u00f6rfer in der N\u00e4he von Marathias: St. George und Lefkimi.<br \/>\nDer Sandstrand von Marathi\u00e1s, der mit der blauen Flagge ausgezeichnet wurde, mit seinem kristallklaren Wasser ist \u00fcber einen kurzen Spaziergang von unseren Apartments aus zu erreichen.<br \/>\nMarathias ist ideal zum Entspannen und genie\u00dfen Sie einen erholsamen Urlaub. Es gibt einige Tavernen in der N\u00e4he, die f\u00fcr ihre lokalen Spezialit\u00e4ten mit frischen Fischen und lebenden Hummer bekannt sind, die alle von lokalen Fischern gefangen werden. Es gibt auch Gesch\u00e4fte f\u00fcr Sie, um Ihre Geschenke und Geschenke f\u00fcr Ihre Freunde zu kaufen.[\/vc_column_text][\/vc_column][\/vc_row][vc_row css=&#8221;.vc_custom_1487331522944{padding-right: 30px !important;padding-left: 30px !important;}&#8221;][vc_column width=&#8221;1\/2&#8243; css=&#8221;.vc_custom_1487331485310{padding-right: 30px !important;padding-left: 30px !important;}&#8221;][vc_column_text]<\/p>\n<h4 style=\"margin-bottom: 10px; line-height: 25px;\">Wie komme ich nach Korfu Kommen<\/h4>\n<div class=\"porto-separator \">\n<div class=\"divider divider-small align_left solid \">\n<hr style=\"background-color: #82a62b; height: 3px; width: 50px; margin: -10px 22px 0 0;\" \/>\n<\/div>\n<\/div>\n<p>[\/vc_column_text]<div class=\"smile_icon_list_wrap ult_info_list_container ult-adjust-bottom-margin   vc_custom_1487331567661\"><ul class=\"smile_icon_list left circle with_bg\"><li class=\"icon_list_item\" style=\" font-size:60px;\"><div class=\"icon_list_icon\" data-animation=\"bounceIn\" data-animation-delay=\"03\" style=\"font-size:20px;border-width:1px;border-style:none;background:#23482d;color:#f9f9f9;border-color:#333333;\"><i class=\"Defaults-plane\" ><\/i><\/div><div class=\"icon_description\" id=\"Info-list-wrap-4676\" style=\"font-size:20px;\"><h3 class=\"ult-responsive info-list-heading\"  data-ultimate-target='#Info-list-wrap-4676 h3'  data-responsive-json-new='{\"font-size\":\"desktop:20px;\",\"line-height\":\"desktop:24px;\"}'  style=\"font-weight:bold;\">Mit dem Flugzeug<\/h3><div class=\"icon_description_text ult-responsive\"  data-ultimate-target='#Info-list-wrap-4676 .icon_description_text'  data-responsive-json-new='{\"font-size\":\"desktop:13px;\",\"line-height\":\"desktop:18px;\"}'  style=\"font-style:italic;font-weight:normal;\"><p>Athen \u201cEleftherios Venizelos International Airport [4] in der N\u00e4he des Athener Vorort von Spata ist der landesweit gr\u00f6\u00dften, st\u00e4rksten frequentierte Flughafen. Andere gro\u00dfe internationale, Thessaloniki (Makedonia Int\u2019l) und Korfu (Ioannis Kapodistrias). Doch w\u00e4hrend der Tourismus-Saison, kommen mehrere Charter-und Low-Budget geplanten Fl\u00fcge von vielen europ\u00e4ischen St\u00e4dten t\u00e4glich um viele der Inseln und kleineren St\u00e4dten auf dem Festland.<br \/>\nOlympic Air und Aegean Airlines, die die H\u00e4lfte der inl\u00e4ndischen market.Athens besitzt wird auch von Fluggesellschaften aus ganz Europa, dem Mittleren Osten, Nordamerika, S\u00fcdostasien und gut bedient, mit Fl\u00fcgen zu ihren jeweiligen Drehkreuzen.<br \/>\nKorfu \u201cIoannis Kapodistrias\u201d Flughafen (IATA) wird von mehreren Fluggesellschaften angeflogen. Das ganze Jahr \u00fcber sowohl Aegean und Olympic Airlines haben Fl\u00fcge nach Athen. In der Hochsaison (ca. Ostern bis Oktober), dienen andere Fluggesellschaften inklusive deutscher Wings, Easyjet, Air Belin, TUIfly, LTU, Transavia und Wizzair die Insel.<\/p>\n<\/div><\/div><div class=\"icon_list_connector\" data-animation=\"fadeInUp\" data-animation-delay=\"03\" style=\"border-right-width: 1px;border-right-style: dashed;border-color: #23482d;\"><\/div><\/li><li class=\"icon_list_item\" style=\" font-size:60px;\"><div class=\"icon_list_icon\" data-animation=\"bounceIn\" data-animation-delay=\"03\" style=\"font-size:20px;border-width:1px;border-style:none;background:#23482d;color:#f9f9f9;border-color:#333333;\"><i class=\"Defaults-ship\" ><\/i><\/div><div class=\"icon_description\" id=\"Info-list-wrap-5719\" style=\"font-size:20px;\"><h3 class=\"ult-responsive info-list-heading\"  data-ultimate-target='#Info-list-wrap-5719 h3'  data-responsive-json-new='{\"font-size\":\"desktop:16px;\",\"line-height\":\"desktop:24px;\"}'  style=\"\">Mit dem Schiff<\/h3><div class=\"icon_description_text ult-responsive\"  data-ultimate-target='#Info-list-wrap-5719 .icon_description_text'  data-responsive-json-new='{\"font-size\":\"desktop:13px;\",\"line-height\":\"desktop:18px;\"}'  style=\"\"><p>Von Italien, fahren mehrere F\u00e4hren nach Griechenland t\u00e4glich. F\u00e4hren nach Patras (Patra), Igoumenitsa und Korfu (Kerkyra) verlassen das ganze Jahr \u00fcber von den italienischen Hafenst\u00e4dte Venedig, Triest, Ancona, Bari und Brindisi.<\/p>\n<\/div><\/div><div class=\"icon_list_connector\" data-animation=\"fadeInUp\" data-animation-delay=\"03\" style=\"border-right-width: 1px;border-right-style: dashed;border-color: #23482d;\"><\/div><\/li><li class=\"icon_list_item\" style=\" font-size:60px;\"><div class=\"icon_list_icon\" data-animation=\"\" data-animation-delay=\"03\" style=\"font-size:20px;border-width:1px;border-style:none;background:#23482d;color:#f9f9f9;border-color:#333333;\"><i class=\"Defaults-automobile car\" ><\/i><\/div><div class=\"icon_description\" id=\"Info-list-wrap-9000\" style=\"font-size:20px;\"><h3 class=\"ult-responsive info-list-heading\"  data-ultimate-target='#Info-list-wrap-9000 h3'  data-responsive-json-new='{\"font-size\":\"desktop:16px;\",\"line-height\":\"desktop:24px;\"}'  style=\"\">Durch den Stra\u00dfenverkehr<\/h3><div class=\"icon_description_text ult-responsive\"  data-ultimate-target='#Info-list-wrap-9000 .icon_description_text'  data-responsive-json-new='{\"font-size\":\"desktop:13px;\",\"line-height\":\"desktop:18px;\"}'  style=\"\"><p>Griechenland kann mit dem Auto von jedem seiner Nachbarn Land eingegeben werden. Aus Italien, werden Autos F\u00e4hren nach Griechenland transportieren. Von West-Europa, war der popul\u00e4rste Route nach Griechenland durch Jugoslawien. Nach den Unruhen im ehemaligen Jugoslawien in den 1990er Jahren kamen die meisten Autofahrer aus dem westlichen Europa Landweg nach Italien, und nahm dann ein trans-Adria-F\u00e4hre von dort. Obwohl die L\u00e4nder des ehemaligen Jugoslawien haben sich seitdem stabilisiert und Ungarn-Rum\u00e4nien-Bulgarien bilden eine weitere, wenn auch eine viel l\u00e4ngere, Alternative, der Landweg durch Italien jetzt bleibt die beliebteste Option.<\/p>\n<\/div><\/div><div class=\"icon_list_connector\" data-animation=\"fadeInUp\" data-animation-delay=\"03\" style=\"border-right-width: 1px;border-right-style: dashed;border-color: #23482d;\"><\/div><\/li><\/ul><\/div>[\/vc_column][vc_column width=&#8221;1\/2&#8243;][vc_column_text]<\/p>\n<h4 style=\"margin-bottom: 10px; line-height: 25px;\">Wie komme ich nach Marathias von Korfu-Stadt Kommen<\/h4>\n<div class=\"porto-separator \">\n<div class=\"divider divider-small align_left solid \">\n<hr style=\"background-color: #82a62b; height: 3px; width: 50px; margin: -10px 22px 0 0;\" \/>\n<\/div>\n<\/div>\n<p>[\/vc_column_text]<div class=\"smile_icon_list_wrap ult_info_list_container ult-adjust-bottom-margin   vc_custom_1487331567661\"><ul class=\"smile_icon_list left circle with_bg\"><li class=\"icon_list_item\" style=\" font-size:60px;\"><div class=\"icon_list_icon\" data-animation=\"bounceIn\" data-animation-delay=\"03\" style=\"font-size:20px;border-width:1px;border-style:none;background:#23482d;color:#f9f9f9;border-color:#333333;\"><i class=\"Defaults-bus\" ><\/i><\/div><div class=\"icon_description\" id=\"Info-list-wrap-9840\" style=\"font-size:20px;\"><h3 class=\"ult-responsive info-list-heading\"  data-ultimate-target='#Info-list-wrap-9840 h3'  data-responsive-json-new='{\"font-size\":\"desktop:20px;\",\"line-height\":\"desktop:24px;\"}'  style=\"font-weight:bold;\">Mit dem Bus<\/h3><div class=\"icon_description_text ult-responsive\"  data-ultimate-target='#Info-list-wrap-9840 .icon_description_text'  data-responsive-json-new='{\"font-size\":\"desktop:13px;\",\"line-height\":\"desktop:18px;\"}'  style=\"font-style:italic;font-weight:normal;\"><p>Es gibt zwei Arten von Bussen in Korfu \u2013 Blue Busse dienen Korfu-Stadt und die Umgebung, dienen gr\u00fcnen Busse den Rest der Insel.<br \/>\nDer Blaue Bus-Terminal in Korfu-Stadt ist in San Rocco-Platz. Die Bus-Informations-Kiosk zeigt Fahrpl\u00e4ne und bietet Karten, auf denen genau dort, wo die Busse zu k\u00fcndigen (einige k\u00fcndigen ein paar Blocks s\u00fcdlich des Platzes). Bushaltestellen sind mit elektronischen Displays und Self-Service-Fahrkartenautomaten. Tickets gibt es Single-Reise und muss nur auf den Bus entwertet werden. Sie lassen sich von den Maschinen, oder direkt beim Fahrer (f\u00fcr 0,50 \u20ac mehr) gekauft werden.<br \/>\nN\u00fctzliche Zeilen beinhalten die Zahl 7, die nach und von Dasia alle 20 Minuten (30 Minuten am Sonntag) geht, die 10, die von und nach Achilion alle zwei Stunden geht, die 6 bis und von Benitses (nicht ganz st\u00fcndlich) und die 11 bis und von Pelekas alle 2-3 Stunden.<br \/>\nDer Flughafenbus ist Nr. 19 \u2013 den Zeitplan als Frequenz schwankt im Laufe des Tages mit einigen gro\u00dfen L\u00fccken. Es ist nur eine zehnmin\u00fctige Fahrt, und kostet \u20ac 1,10. Nummer 6 Benitses Bus geht auch \u00fcber das Ende der Zufahrtsstra\u00dfe zum Flughafen, von wo aus es ist ein 500m Fu\u00dfweg zum Terminal.<br \/>\nThe Green Busbahnhof ist in der N\u00e4he des New Port, von wo aus Busse fahren f\u00fcr alle D\u00f6rfer der Insel Korfu. Regelm\u00e4\u00dfige Abfahrten nach Paleokastritsa, Korfu, Kavos, Roda, Acharavi, Kassiopi.<\/p>\n<\/div><\/div><div class=\"icon_list_connector\" data-animation=\"fadeInUp\" data-animation-delay=\"03\" style=\"border-right-width: 1px;border-right-style: dashed;border-color: #23482d;\"><\/div><\/li><li class=\"icon_list_item\" style=\" font-size:60px;\"><div class=\"icon_list_icon\" data-animation=\"bounceIn\" data-animation-delay=\"03\" style=\"font-size:20px;border-width:1px;border-style:none;background:#23482d;color:#f9f9f9;border-color:#333333;\"><i class=\"Defaults-cab taxi\" ><\/i><\/div><div class=\"icon_description\" id=\"Info-list-wrap-2981\" style=\"font-size:20px;\"><h3 class=\"ult-responsive info-list-heading\"  data-ultimate-target='#Info-list-wrap-2981 h3'  data-responsive-json-new='{\"font-size\":\"desktop:16px;\",\"line-height\":\"desktop:24px;\"}'  style=\"\">Mit dem Taxi<\/h3><div class=\"icon_description_text ult-responsive\"  data-ultimate-target='#Info-list-wrap-2981 .icon_description_text'  data-responsive-json-new='{\"font-size\":\"desktop:13px;\",\"line-height\":\"desktop:18px;\"}'  style=\"\"><p>Es gibt sehr in die Taxi-Linien in Korfu-Stadt.zwischen dem Spaniada und dem Cricket Ground, dem Flughafen.im Herzen des Einkaufs-Zentrum der Stadt in Methodiou Stra\u00dfe am Alten Hafen<br \/>\nan der New Port viele andere in Gouvia, Dassia, Dassia, Ipsos etc.<br \/>\nUnd da ist der Radio-Taxi, das telefonisch unter +30 26610 33811 erreicht werden kann, dazu ein Taxi-Transfer kann von uns organisiert werden auf Anfrage erh\u00e4ltlich.<\/p>\n<\/div><\/div><div class=\"icon_list_connector\" data-animation=\"fadeInUp\" data-animation-delay=\"03\" style=\"border-right-width: 1px;border-right-style: dashed;border-color: #23482d;\"><\/div><\/li><li class=\"icon_list_item\" style=\" font-size:60px;\"><div class=\"icon_list_icon\" data-animation=\"\" data-animation-delay=\"03\" style=\"font-size:20px;border-width:1px;border-style:none;background:#23482d;color:#f9f9f9;border-color:#333333;\"><i class=\"Defaults-automobile car\" ><\/i><\/div><div class=\"icon_description\" id=\"Info-list-wrap-7714\" style=\"font-size:20px;\"><h3 class=\"ult-responsive info-list-heading\"  data-ultimate-target='#Info-list-wrap-7714 h3'  data-responsive-json-new='{\"font-size\":\"desktop:16px;\",\"line-height\":\"desktop:24px;\"}'  style=\"\">Mit dem Auto<\/h3><div class=\"icon_description_text ult-responsive\"  data-ultimate-target='#Info-list-wrap-7714 .icon_description_text'  data-responsive-json-new='{\"font-size\":\"desktop:13px;\",\"line-height\":\"desktop:18px;\"}'  style=\"\"><p>Sie k\u00f6nnen ein Auto am Flughafen oder \u00fcber einen der vielen lokalen Unternehmen zu mieten. In der Regel ist es billiger, Pre-buchen Mietwagen buchen \u00fcber das Internet vor der Ankunft. Viele der Stra\u00dfen sind sehr schmal, so kann es besser sein, ein kleines Auto zu w\u00e4hlen. Zwar gibt es eine gute Stra\u00dfe, die Nord-S\u00fcd entlang der Ostk\u00fcste von Sidari zu Lefkimmi und von der Stadt Korfu auf der ganzen Insel zu Paleokastritsa, haben viele Stra\u00dfen schlechte Belag. Oft ist die Versicherung f\u00fcr Mietwagen zur Verf\u00fcgung gestellt deckt keine Sch\u00e4den an der Unterseite des Wagens so watch out f\u00fcr gro\u00dfe L\u00f6cher in der Stra\u00dfe. Mietwagen-Unternehmen bieten h\u00e4ufig eine kostenlose Karte, aber Sie k\u00f6nnen es sich lohnt den Kauf eines im Voraus zu finden, da die Karten nicht besonders gut, vor allem f\u00fcr die Nord-West-Interieur.<\/p>\n<\/div><\/div><div class=\"icon_list_connector\" data-animation=\"fadeInUp\" data-animation-delay=\"03\" style=\"border-right-width: 1px;border-right-style: dashed;border-color: #23482d;\"><\/div><\/li><\/ul><\/div>[\/vc_column][\/vc_row][vc_row][vc_column][vc_column_text]<\/p>\n<p>[\/vc_column_text][\/vc_column][\/vc_row]<\/p>\n","protected":false},"excerpt":{"rendered":"<p>[vc_row full_width=&#8221;stretch_row&#8221; bg_type=&#8221;image&#8221; parallax_style=&#8221;vcpb-vz-jquery&#8221; bg_image_new=&#8221;id^1861|url^https:\/\/gerasimos-apartments-marathias.com\/wp-content\/uploads\/2022\/02\/MARATHIAS.jpg|caption^null|alt^null|title^MARATHIAS|description^null&#8221; enable_overlay=&#8221;enable_overlay_value&#8221; overlay_color=&#8221;#7a7a7a&#8221; overlay_pattern=&#8221;01.png&#8221; css=&#8221;.vc_custom_1644396041602{padding-top: 50px !important;padding-bottom: 40px !important;}&#8221;][vc_column][vc_column_text] MARATHIAS DORF WIE,HIERHER ZU KOMMEN [\/vc_column_text][\/vc_column][\/vc_row][vc_row css=&#8221;.vc_custom_1487331164106{padding-top: 40px !important;padding-right: 40px !important;padding-bottom: 40px !important;padding-left: 40px !important;}&#8221;][vc_column][vc_column_text css=&#8221;.vc_custom_1644405823760{padding-right: 40px !important;}&#8221;] \u00dcBER DAS DORF MARATHIAS Wie, hierher zu kommen. Marathias ist 37 km von Korfu Flughafen, auf der Westseite der Insel. Es gibt eine Bushaltestelle [&hellip;]<\/p>\n","protected":false},"author":1,"featured_media":0,"parent":0,"menu_order":5,"comment_status":"open","ping_status":"open","template":"","meta":{"footnotes":""},"class_list":["post-1607","page","type-page","status-publish","hentry"],"yoast_head":"<!-- This site is optimized with the Yoast SEO plugin v21.5 - https:\/\/yoast.com\/wordpress\/plugins\/seo\/ -->\n<title>HIERHER ZU KOMMEN - Gerasimos Apartments &amp; Rooms at Marathias Corfu<\/title>\n<meta name=\"robots\" content=\"index, follow, max-snippet:-1, max-image-preview:large, max-video-preview:-1\" \/>\n<link rel=\"canonical\" href=\"https:\/\/gerasimos-apartments-marathias.com\/de\/how-to-get-here-3\/\" \/>\n<meta property=\"og:locale\" content=\"de_DE\" \/>\n<meta property=\"og:type\" content=\"article\" \/>\n<meta property=\"og:title\" content=\"HIERHER ZU KOMMEN - Gerasimos Apartments &amp; Rooms at Marathias Corfu\" \/>\n<meta property=\"og:description\" content=\"[vc_row full_width=&#8221;stretch_row&#8221; bg_type=&#8221;image&#8221; parallax_style=&#8221;vcpb-vz-jquery&#8221; bg_image_new=&#8221;id^1861|url^https:\/\/gerasimos-apartments-marathias.com\/wp-content\/uploads\/2022\/02\/MARATHIAS.jpg|caption^null|alt^null|title^MARATHIAS|description^null&#8221; enable_overlay=&#8221;enable_overlay_value&#8221; overlay_color=&#8221;#7a7a7a&#8221; overlay_pattern=&#8221;01.png&#8221; css=&#8221;.vc_custom_1644396041602{padding-top: 50px !important;padding-bottom: 40px !important;}&#8221;][vc_column][vc_column_text] MARATHIAS DORF WIE,HIERHER ZU KOMMEN [\/vc_column_text][\/vc_column][\/vc_row][vc_row css=&#8221;.vc_custom_1487331164106{padding-top: 40px !important;padding-right: 40px !important;padding-bottom: 40px !important;padding-left: 40px !important;}&#8221;][vc_column][vc_column_text css=&#8221;.vc_custom_1644405823760{padding-right: 40px !important;}&#8221;] \u00dcBER DAS DORF MARATHIAS Wie, hierher zu kommen. Marathias ist 37 km von Korfu Flughafen, auf der Westseite der Insel. Es gibt eine Bushaltestelle [&hellip;]\" \/>\n<meta property=\"og:url\" content=\"https:\/\/gerasimos-apartments-marathias.com\/de\/how-to-get-here-3\/\" \/>\n<meta property=\"og:site_name\" content=\"Gerasimos Apartments &amp; Rooms at Marathias Corfu\" \/>\n<meta property=\"article:modified_time\" content=\"2022-02-09T12:47:22+00:00\" \/>\n<meta name=\"twitter:card\" content=\"summary_large_image\" \/>\n<meta name=\"twitter:label1\" content=\"Est. reading time\" \/>\n\t<meta name=\"twitter:data1\" content=\"6 minutes\" \/>\n<script type=\"application\/ld+json\" class=\"yoast-schema-graph\">{\"@context\":\"https:\/\/schema.org\",\"@graph\":[{\"@type\":\"WebPage\",\"@id\":\"https:\/\/gerasimos-apartments-marathias.com\/de\/how-to-get-here-3\/\",\"url\":\"https:\/\/gerasimos-apartments-marathias.com\/de\/how-to-get-here-3\/\",\"name\":\"HIERHER ZU KOMMEN - Gerasimos Apartments &amp; Rooms at Marathias Corfu\",\"isPartOf\":{\"@id\":\"https:\/\/gerasimos-apartments-marathias.com\/#website\"},\"datePublished\":\"2015-03-28T12:20:56+00:00\",\"dateModified\":\"2022-02-09T12:47:22+00:00\",\"breadcrumb\":{\"@id\":\"https:\/\/gerasimos-apartments-marathias.com\/de\/how-to-get-here-3\/#breadcrumb\"},\"inLanguage\":\"de-DE\",\"potentialAction\":[{\"@type\":\"ReadAction\",\"target\":[\"https:\/\/gerasimos-apartments-marathias.com\/de\/how-to-get-here-3\/\"]}]},{\"@type\":\"BreadcrumbList\",\"@id\":\"https:\/\/gerasimos-apartments-marathias.com\/de\/how-to-get-here-3\/#breadcrumb\",\"itemListElement\":[{\"@type\":\"ListItem\",\"position\":1,\"name\":\"Home\",\"item\":\"https:\/\/gerasimos-apartments-marathias.com\/de\/\"},{\"@type\":\"ListItem\",\"position\":2,\"name\":\"HIERHER ZU KOMMEN\"}]},{\"@type\":\"WebSite\",\"@id\":\"https:\/\/gerasimos-apartments-marathias.com\/#website\",\"url\":\"https:\/\/gerasimos-apartments-marathias.com\/\",\"name\":\"Gerasimos Apartments &amp; Rooms at Marathias Corfu\",\"description\":\"Apartments-Gerasimos\",\"potentialAction\":[{\"@type\":\"SearchAction\",\"target\":{\"@type\":\"EntryPoint\",\"urlTemplate\":\"https:\/\/gerasimos-apartments-marathias.com\/?s={search_term_string}\"},\"query-input\":\"required name=search_term_string\"}],\"inLanguage\":\"de-DE\"}]}<\/script>\n<!-- \/ Yoast SEO plugin. -->","yoast_head_json":{"title":"HIERHER ZU KOMMEN - Gerasimos Apartments &amp; Rooms at Marathias Corfu","robots":{"index":"index","follow":"follow","max-snippet":"max-snippet:-1","max-image-preview":"max-image-preview:large","max-video-preview":"max-video-preview:-1"},"canonical":"https:\/\/gerasimos-apartments-marathias.com\/de\/how-to-get-here-3\/","og_locale":"de_DE","og_type":"article","og_title":"HIERHER ZU KOMMEN - Gerasimos Apartments &amp; Rooms at Marathias Corfu","og_description":"[vc_row full_width=&#8221;stretch_row&#8221; bg_type=&#8221;image&#8221; parallax_style=&#8221;vcpb-vz-jquery&#8221; bg_image_new=&#8221;id^1861|url^https:\/\/gerasimos-apartments-marathias.com\/wp-content\/uploads\/2022\/02\/MARATHIAS.jpg|caption^null|alt^null|title^MARATHIAS|description^null&#8221; enable_overlay=&#8221;enable_overlay_value&#8221; overlay_color=&#8221;#7a7a7a&#8221; overlay_pattern=&#8221;01.png&#8221; css=&#8221;.vc_custom_1644396041602{padding-top: 50px !important;padding-bottom: 40px !important;}&#8221;][vc_column][vc_column_text] MARATHIAS DORF WIE,HIERHER ZU KOMMEN [\/vc_column_text][\/vc_column][\/vc_row][vc_row css=&#8221;.vc_custom_1487331164106{padding-top: 40px !important;padding-right: 40px !important;padding-bottom: 40px !important;padding-left: 40px !important;}&#8221;][vc_column][vc_column_text css=&#8221;.vc_custom_1644405823760{padding-right: 40px !important;}&#8221;] \u00dcBER DAS DORF MARATHIAS Wie, hierher zu kommen. Marathias ist 37 km von Korfu Flughafen, auf der Westseite der Insel. Es gibt eine Bushaltestelle [&hellip;]","og_url":"https:\/\/gerasimos-apartments-marathias.com\/de\/how-to-get-here-3\/","og_site_name":"Gerasimos Apartments &amp; Rooms at Marathias Corfu","article_modified_time":"2022-02-09T12:47:22+00:00","twitter_card":"summary_large_image","twitter_misc":{"Est. reading time":"6 minutes"},"schema":{"@context":"https:\/\/schema.org","@graph":[{"@type":"WebPage","@id":"https:\/\/gerasimos-apartments-marathias.com\/de\/how-to-get-here-3\/","url":"https:\/\/gerasimos-apartments-marathias.com\/de\/how-to-get-here-3\/","name":"HIERHER ZU KOMMEN - Gerasimos Apartments &amp; Rooms at Marathias Corfu","isPartOf":{"@id":"https:\/\/gerasimos-apartments-marathias.com\/#website"},"datePublished":"2015-03-28T12:20:56+00:00","dateModified":"2022-02-09T12:47:22+00:00","breadcrumb":{"@id":"https:\/\/gerasimos-apartments-marathias.com\/de\/how-to-get-here-3\/#breadcrumb"},"inLanguage":"de-DE","potentialAction":[{"@type":"ReadAction","target":["https:\/\/gerasimos-apartments-marathias.com\/de\/how-to-get-here-3\/"]}]},{"@type":"BreadcrumbList","@id":"https:\/\/gerasimos-apartments-marathias.com\/de\/how-to-get-here-3\/#breadcrumb","itemListElement":[{"@type":"ListItem","position":1,"name":"Home","item":"https:\/\/gerasimos-apartments-marathias.com\/de\/"},{"@type":"ListItem","position":2,"name":"HIERHER ZU KOMMEN"}]},{"@type":"WebSite","@id":"https:\/\/gerasimos-apartments-marathias.com\/#website","url":"https:\/\/gerasimos-apartments-marathias.com\/","name":"Gerasimos Apartments &amp; Rooms at Marathias Corfu","description":"Apartments-Gerasimos","potentialAction":[{"@type":"SearchAction","target":{"@type":"EntryPoint","urlTemplate":"https:\/\/gerasimos-apartments-marathias.com\/?s={search_term_string}"},"query-input":"required name=search_term_string"}],"inLanguage":"de-DE"}]}},"_links":{"self":[{"href":"https:\/\/gerasimos-apartments-marathias.com\/de\/wp-json\/wp\/v2\/pages\/1607","targetHints":{"allow":["GET"]}}],"collection":[{"href":"https:\/\/gerasimos-apartments-marathias.com\/de\/wp-json\/wp\/v2\/pages"}],"about":[{"href":"https:\/\/gerasimos-apartments-marathias.com\/de\/wp-json\/wp\/v2\/types\/page"}],"author":[{"embeddable":true,"href":"https:\/\/gerasimos-apartments-marathias.com\/de\/wp-json\/wp\/v2\/users\/1"}],"replies":[{"embeddable":true,"href":"https:\/\/gerasimos-apartments-marathias.com\/de\/wp-json\/wp\/v2\/comments?post=1607"}],"version-history":[{"count":10,"href":"https:\/\/gerasimos-apartments-marathias.com\/de\/wp-json\/wp\/v2\/pages\/1607\/revisions"}],"predecessor-version":[{"id":1991,"href":"https:\/\/gerasimos-apartments-marathias.com\/de\/wp-json\/wp\/v2\/pages\/1607\/revisions\/1991"}],"wp:attachment":[{"href":"https:\/\/gerasimos-apartments-marathias.com\/de\/wp-json\/wp\/v2\/media?parent=1607"}],"curies":[{"name":"wp","href":"https:\/\/api.w.org\/{rel}","templated":true}]}}